{"id":61,"date":"2021-08-23T21:57:55","date_gmt":"2021-08-24T00:57:55","guid":{"rendered":"https:\/\/infraseg.net.br\/?post_type=product&#038;p=61"},"modified":"2025-03-22T16:14:27","modified_gmt":"2025-03-22T19:14:27","slug":"protetor-auditivo-silicone-17-db-maxxi-royal-ca41614","status":"publish","type":"product","link":"https:\/\/infraseg.net\/?product=protetor-auditivo-silicone-17-db-maxxi-royal-ca41614","title":{"rendered":"Protetor Auditivo Silicone 17 dB Maxxi Royal CA41614"},"content":{"rendered":"<p>Protetor Auditivo confeccionado em silicone grau farmac\u00eautico, tipo inser\u00e7\u00e3o, composto de um eixo com tr\u00eas flanges, onde a primeira, a segunda e a terceira, s\u00e3o flanges maci\u00e7as e c\u00f4nicas, todas de dimens\u00f5es vari\u00e1veis, em cujo eixo cont\u00e9m um orif\u00edcio at\u00e9 o seu interior.<\/p>\n<p>Fabricado\u00a0com silicone grau farmac\u00eautico, tem confiabilidade atestada e garantida pelo certificado de regulamenta\u00e7\u00e3o (CRF) e autenticidade (CA) emitido pelo Minist\u00e9rio do Trabalho e Emprego.<\/p>\n<p>A partir da NR 15 ABNT (Norma Regulamentadora) que estabelece o n\u00edvel m\u00e1ximo de toler\u00e2ncia ao ru\u00eddo, com 17dB NRRsf.<\/p>\n<p>Durabilidade prevista de at\u00e9 12 semanas, suportando temperaturas entre\u2013 40\u00ba C e 200\u00ba C, sem deformar.<\/p>\n","protected":false},"excerpt":{"rendered":"<p>Protetor Auditivo confeccionado em silicone grau farmac\u00eautico, tipo inser\u00e7\u00e3o, composto de um eixo com tr\u00eas flanges, onde a primeira, a segunda e a terceira, s\u00e3o flanges maci\u00e7as e c\u00f4nicas, todas de dimens\u00f5es vari\u00e1veis, em cujo eixo cont\u00e9m um orif\u00edcio at\u00e9 o seu interior. Fabricado\u00a0com silicone grau farmac\u00eautico, tem confiabilidade atestada e garantida pelo certificado de [&hellip;]<\/p>\n","protected":false},"featured_media":62,"comment_status":"open","ping_status":"closed","template":"","meta":[],"product_brand":[],"product_cat":[22,43,44,21],"product_tag":[],"class_list":{"0":"post-61","1":"product","2":"type-product","3":"status-publish","4":"has-post-thumbnail","6":"product_cat-epi","7":"product_cat-higiene","8":"product_cat-limpeza","9":"product_cat-protetores-auditivos","11":"first","12":"instock","13":"taxable","14":"shipping-taxable","15":"purchasable","16":"product-type-simple"},"_links":{"self":[{"href":"https:\/\/infraseg.net\/index.php?rest_route=\/wp\/v2\/product\/61","targetHints":{"allow":["GET"]}}],"collection":[{"href":"https:\/\/infraseg.net\/index.php?rest_route=\/wp\/v2\/product"}],"about":[{"href":"https:\/\/infraseg.net\/index.php?rest_route=\/wp\/v2\/types\/product"}],"replies":[{"embeddable":true,"href":"https:\/\/infraseg.net\/index.php?rest_route=%2Fwp%2Fv2%2Fcomments&post=61"}],"version-history":[{"count":1,"href":"https:\/\/infraseg.net\/index.php?rest_route=\/wp\/v2\/product\/61\/revisions"}],"predecessor-version":[{"id":487,"href":"https:\/\/infraseg.net\/index.php?rest_route=\/wp\/v2\/product\/61\/revisions\/487"}],"wp:featuredmedia":[{"embeddable":true,"href":"https:\/\/infraseg.net\/index.php?rest_route=\/wp\/v2\/media\/62"}],"wp:attachment":[{"href":"https:\/\/infraseg.net\/index.php?rest_route=%2Fwp%2Fv2%2Fmedia&parent=61"}],"wp:term":[{"taxonomy":"product_brand","embeddable":true,"href":"https:\/\/infraseg.net\/index.php?rest_route=%2Fwp%2Fv2%2Fproduct_brand&post=61"},{"taxonomy":"product_cat","embeddable":true,"href":"https:\/\/infraseg.net\/index.php?rest_route=%2Fwp%2Fv2%2Fproduct_cat&post=61"},{"taxonomy":"product_tag","embeddable":true,"href":"https:\/\/infraseg.net\/index.php?rest_route=%2Fwp%2Fv2%2Fproduct_tag&post=61"}],"curies":[{"name":"wp","href":"https:\/\/api.w.org\/{rel}","templated":true}]}}