{"id":50,"date":"2021-08-23T21:32:30","date_gmt":"2021-08-24T00:32:30","guid":{"rendered":"https:\/\/infraseg.net.br\/?post_type=product&#038;p=50"},"modified":"2025-03-22T16:14:27","modified_gmt":"2025-03-22T19:14:27","slug":"botina-de-elastico-solado-monodensidade-cartom-ca17137","status":"publish","type":"product","link":"https:\/\/infraseg.net\/?product=botina-de-elastico-solado-monodensidade-cartom-ca17137","title":{"rendered":"Botina de El\u00e1stico Solado Monodensidade Cartom CA17137"},"content":{"rendered":"","protected":false},"excerpt":{"rendered":"<div class=\"descricao-titulo padrao-desc\">Botina El\u00e1stico Monodensidade Cartom CA17137<\/div>\n<div class=\"box-descricao\">\n<div class=\"span12\">\n<div class=\"abas-custom\">\n<div class=\"tab-content\">\n<div id=\"descricao\" class=\"tab-pane active\">\n<p>Botina confeccionada em couro, fechamento em el\u00e1stico, sem biqueira, solado monodensidade injetado direto ao cabedal.<\/p>\n<p>Cal\u00e7ado ocupacional tipo botina, modelo blatt, fechamento em el\u00e1stico confeccionado em couro curtido ao cromo, palmilha de montagem em n\u00e3o tecido, montada sistema strobel, solado em poliuretano monodensidade.<\/p>\n<\/div>\n<\/div>\n<\/div>\n<\/div>\n<\/div>\n","protected":false},"featured_media":77,"comment_status":"open","ping_status":"closed","template":"","meta":[],"product_brand":[],"product_cat":[47,19,45],"product_tag":[20],"class_list":{"0":"post-50","1":"product","2":"type-product","3":"status-publish","4":"has-post-thumbnail","6":"product_cat-botas","7":"product_cat-calcados","8":"product_cat-equipamentos-para-altura","9":"product_tag-botina","10":"product_shipping_class-cx_30x30","12":"first","13":"instock","14":"sale","15":"taxable","16":"shipping-taxable","17":"purchasable","18":"product-type-simple"},"_links":{"self":[{"href":"https:\/\/infraseg.net\/index.php?rest_route=\/wp\/v2\/product\/50","targetHints":{"allow":["GET"]}}],"collection":[{"href":"https:\/\/infraseg.net\/index.php?rest_route=\/wp\/v2\/product"}],"about":[{"href":"https:\/\/infraseg.net\/index.php?rest_route=\/wp\/v2\/types\/product"}],"replies":[{"embeddable":true,"href":"https:\/\/infraseg.net\/index.php?rest_route=%2Fwp%2Fv2%2Fcomments&post=50"}],"version-history":[{"count":1,"href":"https:\/\/infraseg.net\/index.php?rest_route=\/wp\/v2\/product\/50\/revisions"}],"predecessor-version":[{"id":486,"href":"https:\/\/infraseg.net\/index.php?rest_route=\/wp\/v2\/product\/50\/revisions\/486"}],"wp:featuredmedia":[{"embeddable":true,"href":"https:\/\/infraseg.net\/index.php?rest_route=\/wp\/v2\/media\/77"}],"wp:attachment":[{"href":"https:\/\/infraseg.net\/index.php?rest_route=%2Fwp%2Fv2%2Fmedia&parent=50"}],"wp:term":[{"taxonomy":"product_brand","embeddable":true,"href":"https:\/\/infraseg.net\/index.php?rest_route=%2Fwp%2Fv2%2Fproduct_brand&post=50"},{"taxonomy":"product_cat","embeddable":true,"href":"https:\/\/infraseg.net\/index.php?rest_route=%2Fwp%2Fv2%2Fproduct_cat&post=50"},{"taxonomy":"product_tag","embeddable":true,"href":"https:\/\/infraseg.net\/index.php?rest_route=%2Fwp%2Fv2%2Fproduct_tag&post=50"}],"curies":[{"name":"wp","href":"https:\/\/api.w.org\/{rel}","templated":true}]}}